{"id":85,"date":"2021-08-24T15:00:05","date_gmt":"2021-08-24T13:00:05","guid":{"rendered":"https:\/\/wordpress.ihrenberger.de\/?page_id=85"},"modified":"2021-12-21T13:39:49","modified_gmt":"2021-12-21T12:39:49","slug":"cad-plots","status":"publish","type":"page","link":"https:\/\/ihrenberger.de\/?page_id=85","title":{"rendered":"Plots &#038; Gro\u00dfkopien"},"content":{"rendered":"\n<p>Ihre Zeichnungen plotten\/kopieren\/vergr\u00f6\u00dfern\/verkleinern wir f\u00fcr Sie in Farb, S\/W oder Graustufen.<\/p>\n\n\n\n<p>Durch die Vielzahl unserer Ger\u00e4te sind wir in der Lage, auch gr\u00f6\u00dfere Plot-Auftr\u00e4ge in k\u00fcrzester Zeit zu erledigen.<br>Die maximale Papierbreite betr\u00e4gt 91,4 cm.<\/p>\n\n\n\n<p>Stellen Sie uns bitte die Dateien in den g\u00e4ngigen Dateiformaten (pdf, jpg, tif, etc.) zur Verf\u00fcgung.<\/p>\n\n\n\n<p>Wir bieten Ihnen folgende Materialien an:<\/p>\n\n\n\n<ul class=\"wp-block-list\"><li>Papier 75 g<\/li><li>gestrichenes Papier 90g<\/li><li>Transparentpapier 110 g<\/li><li>Papier 180g<\/li><li>Fotopapier 200g (satin oder gloss)<\/li><\/ul>\n\n\n\n<p><\/p>\n","protected":false},"excerpt":{"rendered":"<p>Ihre Zeichnungen plotten\/kopieren\/vergr\u00f6\u00dfern\/verkleinern wir f\u00fcr Sie in Farb, S\/W oder Graustufen. Durch die Vielzahl unserer Ger\u00e4te sind wir in der Lage, auch gr\u00f6\u00dfere Plot-Auftr\u00e4ge in k\u00fcrzester Zeit zu erledigen.Die maximale Papierbreite betr\u00e4gt 91,4 cm. Stellen Sie uns bitte die Dateien in den g\u00e4ngigen Dateiformaten (pdf, jpg, tif, etc.) zur Verf\u00fcgung. Wir bieten Ihnen folgende Materialien <a class=\"read-more\" href=\"https:\/\/ihrenberger.de\/?page_id=85\">Read More<\/a><\/p>\n","protected":false},"author":3,"featured_media":0,"parent":0,"menu_order":0,"comment_status":"closed","ping_status":"closed","template":"","meta":{"footnotes":""},"class_list":["post-85","page","type-page","status-publish","hentry"],"_links":{"self":[{"href":"https:\/\/ihrenberger.de\/index.php?rest_route=\/wp\/v2\/pages\/85","targetHints":{"allow":["GET"]}}],"collection":[{"href":"https:\/\/ihrenberger.de\/index.php?rest_route=\/wp\/v2\/pages"}],"about":[{"href":"https:\/\/ihrenberger.de\/index.php?rest_route=\/wp\/v2\/types\/page"}],"author":[{"embeddable":true,"href":"https:\/\/ihrenberger.de\/index.php?rest_route=\/wp\/v2\/users\/3"}],"replies":[{"embeddable":true,"href":"https:\/\/ihrenberger.de\/index.php?rest_route=%2Fwp%2Fv2%2Fcomments&post=85"}],"version-history":[{"count":5,"href":"https:\/\/ihrenberger.de\/index.php?rest_route=\/wp\/v2\/pages\/85\/revisions"}],"predecessor-version":[{"id":123,"href":"https:\/\/ihrenberger.de\/index.php?rest_route=\/wp\/v2\/pages\/85\/revisions\/123"}],"wp:attachment":[{"href":"https:\/\/ihrenberger.de\/index.php?rest_route=%2Fwp%2Fv2%2Fmedia&parent=85"}],"curies":[{"name":"wp","href":"https:\/\/api.w.org\/{rel}","templated":true}]}}